{"id":250,"date":"2025-09-21T18:22:12","date_gmt":"2025-09-21T18:22:12","guid":{"rendered":"https:\/\/wiejskie-jadlo.pl\/?page_id=250"},"modified":"2025-09-21T18:24:01","modified_gmt":"2025-09-21T18:24:01","slug":"letnie-menu-juz-u-nas","status":"publish","type":"page","link":"https:\/\/wiejskie-jadlo.pl\/index.php\/letnie-menu-juz-u-nas\/","title":{"rendered":"Letnie menu ju\u017c u nas!"},"content":{"rendered":"<p>Zobacz nasze \u015bwie\u017ce, letnie menu!<\/p>\n<p>&nbsp;<\/p>\n<p><img fetchpriority=\"high\" decoding=\"async\" class=\"alignnone size-large wp-image-243\" src=\"https:\/\/wiejskie-jadlo.pl\/wp-content\/uploads\/2025\/09\/lato-menu-724x1024.jpg\" alt=\"\" width=\"724\" height=\"1024\" srcset=\"https:\/\/wiejskie-jadlo.pl\/wp-content\/uploads\/2025\/09\/lato-menu-724x1024.jpg 724w, https:\/\/wiejskie-jadlo.pl\/wp-content\/uploads\/2025\/09\/lato-menu-212x300.jpg 212w, https:\/\/wiejskie-jadlo.pl\/wp-content\/uploads\/2025\/09\/lato-menu-768x1086.jpg 768w, https:\/\/wiejskie-jadlo.pl\/wp-content\/uploads\/2025\/09\/lato-menu-1086x1536.jpg 1086w, https:\/\/wiejskie-jadlo.pl\/wp-content\/uploads\/2025\/09\/lato-menu-1448x2048.jpg 1448w, https:\/\/wiejskie-jadlo.pl\/wp-content\/uploads\/2025\/09\/lato-menu-8x12.jpg 8w, https:\/\/wiejskie-jadlo.pl\/wp-content\/uploads\/2025\/09\/lato-menu-scaled.jpg 1810w\" sizes=\"(max-width: 724px) 100vw, 724px\" \/><\/p>\n","protected":false},"excerpt":{"rendered":"<p>Zobacz nasze \u015bwie\u017ce, letnie menu! &nbsp;<\/p>\n","protected":false},"author":1,"featured_media":0,"parent":0,"menu_order":0,"comment_status":"closed","ping_status":"closed","template":"","meta":{"footnotes":""},"class_list":["post-250","page","type-page","status-publish","hentry"],"_links":{"self":[{"href":"https:\/\/wiejskie-jadlo.pl\/index.php\/wp-json\/wp\/v2\/pages\/250","targetHints":{"allow":["GET"]}}],"collection":[{"href":"https:\/\/wiejskie-jadlo.pl\/index.php\/wp-json\/wp\/v2\/pages"}],"about":[{"href":"https:\/\/wiejskie-jadlo.pl\/index.php\/wp-json\/wp\/v2\/types\/page"}],"author":[{"embeddable":true,"href":"https:\/\/wiejskie-jadlo.pl\/index.php\/wp-json\/wp\/v2\/users\/1"}],"replies":[{"embeddable":true,"href":"https:\/\/wiejskie-jadlo.pl\/index.php\/wp-json\/wp\/v2\/comments?post=250"}],"version-history":[{"count":2,"href":"https:\/\/wiejskie-jadlo.pl\/index.php\/wp-json\/wp\/v2\/pages\/250\/revisions"}],"predecessor-version":[{"id":252,"href":"https:\/\/wiejskie-jadlo.pl\/index.php\/wp-json\/wp\/v2\/pages\/250\/revisions\/252"}],"wp:attachment":[{"href":"https:\/\/wiejskie-jadlo.pl\/index.php\/wp-json\/wp\/v2\/media?parent=250"}],"curies":[{"name":"wp","href":"https:\/\/api.w.org\/{rel}","templated":true}]}}